{"id":9061,"date":"2021-07-14T08:58:58","date_gmt":"2021-07-14T14:58:58","guid":{"rendered":"https:\/\/vidriosobando.com\/?post_type=product&#038;p=9061"},"modified":"2025-09-19T12:30:45","modified_gmt":"2025-09-19T18:30:45","slug":"ventila-tradicional-2","status":"publish","type":"product","link":"https:\/\/vidriosobando.com\/en\/product\/ventila-tradicional-2\/","title":{"rendered":"Ventila Tradicional"},"content":{"rendered":"","protected":false},"excerpt":{"rendered":"<p>El dise\u00f1o del sistema cuenta con cortes a 90\u00b0 tanto en los marcos como en los contramarcos por lo que le dan fortaleza al sistema. Adem\u00e1s, los espesores de los perfiles van de 1.10 mm a 1.27 mm por lo que significa que tiene un precio accesible a la clase media.<\/p>\n<p>El dise\u00f1o de la ventana tiene la opci\u00f3n de la utilizaci\u00f3n de cedazo fijo interno solamente cuando la apertura de la ventana es externa, realizando la apertura mediante un cierre telesc\u00f3pico.<\/p>\n<p>Tambi\u00e9n ofrece una buena evacuaci\u00f3n del agua y con la utilizaci\u00f3n adecuada de empaques EPDM reduce las filtraciones de corrientes de aire.<\/p>\n<p><strong>Acabados:<\/strong><\/p>\n<ul>\n<li>Natural<\/li>\n<li>Bronce Musgo<\/li>\n<li>Negro<\/li>\n<li>Proceso de pintura blanco<\/li>\n<li>Sublimado madera noga<\/li>\n<\/ul>","protected":false},"featured_media":9054,"template":"","meta":[],"product_brand":[],"product_cat":[366,41,363],"product_tag":[],"class_list":{"0":"post-9061","1":"product","2":"type-product","3":"status-publish","4":"has-post-thumbnail","6":"product_cat-proyectables","7":"product_cat-all","8":"product_cat-ventanas","10":"first","11":"instock","12":"shipping-taxable","13":"purchasable","14":"product-type-simple"},"_links":{"self":[{"href":"https:\/\/vidriosobando.com\/en\/wp-json\/wp\/v2\/product\/9061","targetHints":{"allow":["GET"]}}],"collection":[{"href":"https:\/\/vidriosobando.com\/en\/wp-json\/wp\/v2\/product"}],"about":[{"href":"https:\/\/vidriosobando.com\/en\/wp-json\/wp\/v2\/types\/product"}],"version-history":[{"count":0,"href":"https:\/\/vidriosobando.com\/en\/wp-json\/wp\/v2\/product\/9061\/revisions"}],"wp:featuredmedia":[{"embeddable":true,"href":"https:\/\/vidriosobando.com\/en\/wp-json\/wp\/v2\/media\/9054"}],"wp:attachment":[{"href":"https:\/\/vidriosobando.com\/en\/wp-json\/wp\/v2\/media?parent=9061"}],"wp:term":[{"taxonomy":"product_brand","embeddable":true,"href":"https:\/\/vidriosobando.com\/en\/wp-json\/wp\/v2\/product_brand?post=9061"},{"taxonomy":"product_cat","embeddable":true,"href":"https:\/\/vidriosobando.com\/en\/wp-json\/wp\/v2\/product_cat?post=9061"},{"taxonomy":"product_tag","embeddable":true,"href":"https:\/\/vidriosobando.com\/en\/wp-json\/wp\/v2\/product_tag?post=9061"}],"curies":[{"name":"wp","href":"https:\/\/api.w.org\/{rel}","templated":true}]}}