{"id":9075,"date":"2021-07-15T08:29:23","date_gmt":"2021-07-15T14:29:23","guid":{"rendered":"https:\/\/vidriosobando.com\/?post_type=product&#038;p=9075"},"modified":"2025-09-19T12:30:45","modified_gmt":"2025-09-19T18:30:45","slug":"puerta-corrediza-inowa","status":"publish","type":"product","link":"https:\/\/vidriosobando.com\/en\/product\/puerta-corrediza-inowa\/","title":{"rendered":"Puerta Corrediza Inowa"},"content":{"rendered":"","protected":false},"excerpt":{"rendered":"<ul>\n<li><strong>Tecnolog\u00eda \u00fanica y dise\u00f1o inteligente<\/strong><br \/>\nExtralum ha creado Inowa, el sistema inteligente para puertas y ventanas corredizos totalmente herm\u00e9ticos, Incorporando tecnolog\u00eda alemana de vanguardia, posee un dise\u00f1o de primer nivel, calidad, aislamiento t\u00e9rmico y ac\u00fastico, lo que hace a INOWA un sistema apto para requerimientos de alta prestaci\u00f3n.<br \/>\nRecibe su apelativo de inteligente gracias a un innovador movimiento de cierre transversal al perfil del marco que no requiere levantar la hoja. Los rodamientos suavemente deslizantes garantizan una abertura, desplazamiento y cierre sin pr\u00e1cticamente realizar ning\u00fan esfuerzo. Adem\u00e1s, este deslizamiento es silencioso y casi sin fricci\u00f3n en hojas de un m\u00e1ximo de 2.500 mm de alto, 1.500 mm de ancho y 200 kg de peso.<strong>Acabados Sistema Inowa:<\/strong><\/li>\n<li>Perfiler\u00eda de aluminio lacado o anodizado con tonalidades a elegir:<\/li>\n<li>Natural \u2013 Inox \u2013 Bronce musgo \u2013 Madera Nogal<\/li>\n<li>Otros acabados disponibles bajo pedido<\/li>\n<\/ul>\n<p><strong>Dise\u00f1os T\u00edpicos Sistema Inowa:<\/strong><br \/>\nExisten dise\u00f1os t\u00edpicos para el sistema, como los indicados a continuaci\u00f3n:<\/p>\n<p><strong>Caracter\u00edsticas:<\/strong><\/p>\n<ul>\n<li>Novedoso movimiento de cierre con desplazamiento en relaci\u00f3n con el pa\u00f1o fijo.<\/li>\n<li>Puntos de cierre centrales.<\/li>\n<li>Todos los puntos de cierre operados por manilla.<\/li>\n<li>Apertura f\u00e1cil incluso en hojas pesadas a trav\u00e9s de un manejo sencillo de la manilla.<\/li>\n<li>Cierre c\u00f3modo y suave de la hoja en el marco.<\/li>\n<li>Movimiento de cierre uniforme guiado mediante puntos de cierre accionados por 4 lados.<\/li>\n<li>El herraje est\u00e1 totalmente oculto y permite unos perfiles rectil\u00edneos y estrechos con dise\u00f1o moderno.<\/li>\n<li>El probado dise\u00f1o de la manilla completa el atractivo aspecto \u00f3ptico.<\/li>\n<li>Ideal en pesos de hoja entre 120 kg y 200 kg m\u00e1ximo.<\/li>\n<li>Anchos de hoja desde 600 hasta 1500 mm.<\/li>\n<li>Alturas de hoja desde 1000 hasta 3000 mm.<\/li>\n<li>Uni\u00f3n de contramarcos a 90\u00b0 por medio de sellos adhesivos herm\u00e9ticos.<\/li>\n<li>Uni\u00f3n de marcos de pa\u00f1os fijos y puertas a 45\u00b0, aumentando su est\u00e9tica.<\/li>\n<li>Espesor de perfiler\u00eda de 2.00 mm.<\/li>\n<li>Soporta cargas de viento equivalentes a 90Kg\/m\u00b2 (*Previa revisi\u00f3n de dimensiones y condiciones de exposici\u00f3n).<\/li>\n<\/ul>\n<p><strong>*Para caracter\u00edsticas y especificaciones descargar la ficha t\u00e9cnica<\/strong><\/p>","protected":false},"featured_media":9077,"template":"","meta":[],"product_brand":[],"product_cat":[374,373,41],"product_tag":[],"class_list":{"0":"post-9075","1":"product","2":"type-product","3":"status-publish","4":"has-post-thumbnail","6":"product_cat-corredizas-puertas","7":"product_cat-puertas","8":"product_cat-all","10":"first","11":"instock","12":"shipping-taxable","13":"purchasable","14":"product-type-simple"},"_links":{"self":[{"href":"https:\/\/vidriosobando.com\/en\/wp-json\/wp\/v2\/product\/9075","targetHints":{"allow":["GET"]}}],"collection":[{"href":"https:\/\/vidriosobando.com\/en\/wp-json\/wp\/v2\/product"}],"about":[{"href":"https:\/\/vidriosobando.com\/en\/wp-json\/wp\/v2\/types\/product"}],"version-history":[{"count":0,"href":"https:\/\/vidriosobando.com\/en\/wp-json\/wp\/v2\/product\/9075\/revisions"}],"wp:featuredmedia":[{"embeddable":true,"href":"https:\/\/vidriosobando.com\/en\/wp-json\/wp\/v2\/media\/9077"}],"wp:attachment":[{"href":"https:\/\/vidriosobando.com\/en\/wp-json\/wp\/v2\/media?parent=9075"}],"wp:term":[{"taxonomy":"product_brand","embeddable":true,"href":"https:\/\/vidriosobando.com\/en\/wp-json\/wp\/v2\/product_brand?post=9075"},{"taxonomy":"product_cat","embeddable":true,"href":"https:\/\/vidriosobando.com\/en\/wp-json\/wp\/v2\/product_cat?post=9075"},{"taxonomy":"product_tag","embeddable":true,"href":"https:\/\/vidriosobando.com\/en\/wp-json\/wp\/v2\/product_tag?post=9075"}],"curies":[{"name":"wp","href":"https:\/\/api.w.org\/{rel}","templated":true}]}}