{"id":9093,"date":"2021-07-17T11:01:45","date_gmt":"2021-07-17T17:01:45","guid":{"rendered":"https:\/\/vidriosobando.com\/?post_type=product&#038;p=9093"},"modified":"2025-09-19T12:30:45","modified_gmt":"2025-09-19T18:30:45","slug":"puertas-corredizas-akari","status":"publish","type":"product","link":"https:\/\/vidriosobando.com\/en\/product\/puertas-corredizas-akari\/","title":{"rendered":"Puertas Corredizas Akari"},"content":{"rendered":"","protected":false},"excerpt":{"rendered":"<p><strong>EFICIENTE Y ELEGANTE<\/strong><br \/>\nEl Sistema de Puertas corredizas AKARI, ha sido especialmente dise\u00f1ado pensando en su funcionalidad, est\u00e9tica y comodidad.La eficiencia y elegancia dentro de un mismo dise\u00f1o combina a la perfecci\u00f3n con todo tipo de decoraci\u00f3n; sus caracter\u00edsticas t\u00e9cnicas, su desplazamiento suave y silencioso, la diferencian de los sistemas tradicionales.<\/p>\n<p><strong>Aplicaciones:<\/strong><br \/>\nEste sistemas puede ser instalado en aplicaciones como: viviendas, oficinas etc.<\/p>\n<p><strong>Acabados Sistema AKARI:<\/strong><br \/>\nPerfiler\u00eda de aluminio lacado o anodizado con tonalidades a elegir:<\/p>\n<p>Natural \u2013 Inox \u2013 Bronce musgo \u2013 Negro<\/p>\n<p>Acabados especiales: Similitud madera \u2013 Pintura Blanco<\/p>\n<p>Otros acabados disponibles bajo pedido.<\/p>\n<p><strong>Caracter\u00edsticas:<\/strong><\/p>\n<ul>\n<li>Dise\u00f1os con l\u00edneas y contornos redondos que logran una est\u00e9tica moderna y armoniosa.<\/li>\n<li>F\u00e1cil y r\u00e1pido ensamble.<\/li>\n<li>Permite combinaciones entre hojas m\u00f3viles y fijas, tanto en ventanas como en portones.<\/li>\n<li>Cedazo con perfiler\u00eda independiente, lo que permite instalarlo posteriormente.<\/li>\n<li>Fabricaci\u00f3n con corte a 45\u00b0 para mejor ensamble de las piezas.<\/li>\n<li>Sistema con buen desempe\u00f1o herm\u00e9tico al aire, agua y polvo. Evacuaci\u00f3n eficiente del agua.<\/li>\n<li>Utiliza accesorios de alta calidad como complemento a las funciones y est\u00e9tica del producto.<\/li>\n<li>El sistema permite utilizar vidrios:<br \/>\nMonol\u00edticos de espesores: 5 y 6mm.<br \/>\nVidrio de seguridad FUERTEX de espesores: 5 y 6mm. Vidrio laminado VILAX de espesor: 33.1mm.<br \/>\nDVH configuraci\u00f3n: 3\/6.5\/3.<\/li>\n<li>Utiliza empaque de caucho EPDM, el cual tiene un excelente comportamiento frente a la intemperie.<\/li>\n<li>Cuenta con Aluminio AA6063 Temple 5 para perfiles de uso arquitect\u00f3nico.<\/li>\n<\/ul>\n<p>*Para caracter\u00edsticas y especificaciones descargar la ficha t\u00e9cnica<\/p>","protected":false},"featured_media":9094,"template":"","meta":[],"product_brand":[],"product_cat":[374,373,41],"product_tag":[],"class_list":{"0":"post-9093","1":"product","2":"type-product","3":"status-publish","4":"has-post-thumbnail","6":"product_cat-corredizas-puertas","7":"product_cat-puertas","8":"product_cat-all","10":"first","11":"instock","12":"shipping-taxable","13":"purchasable","14":"product-type-simple"},"_links":{"self":[{"href":"https:\/\/vidriosobando.com\/en\/wp-json\/wp\/v2\/product\/9093","targetHints":{"allow":["GET"]}}],"collection":[{"href":"https:\/\/vidriosobando.com\/en\/wp-json\/wp\/v2\/product"}],"about":[{"href":"https:\/\/vidriosobando.com\/en\/wp-json\/wp\/v2\/types\/product"}],"version-history":[{"count":0,"href":"https:\/\/vidriosobando.com\/en\/wp-json\/wp\/v2\/product\/9093\/revisions"}],"wp:featuredmedia":[{"embeddable":true,"href":"https:\/\/vidriosobando.com\/en\/wp-json\/wp\/v2\/media\/9094"}],"wp:attachment":[{"href":"https:\/\/vidriosobando.com\/en\/wp-json\/wp\/v2\/media?parent=9093"}],"wp:term":[{"taxonomy":"product_brand","embeddable":true,"href":"https:\/\/vidriosobando.com\/en\/wp-json\/wp\/v2\/product_brand?post=9093"},{"taxonomy":"product_cat","embeddable":true,"href":"https:\/\/vidriosobando.com\/en\/wp-json\/wp\/v2\/product_cat?post=9093"},{"taxonomy":"product_tag","embeddable":true,"href":"https:\/\/vidriosobando.com\/en\/wp-json\/wp\/v2\/product_tag?post=9093"}],"curies":[{"name":"wp","href":"https:\/\/api.w.org\/{rel}","templated":true}]}}