{"id":9302,"date":"2021-07-18T15:09:34","date_gmt":"2021-07-18T21:09:34","guid":{"rendered":"https:\/\/vidriosobando.com\/?post_type=product&#038;p=9302"},"modified":"2025-09-19T12:30:43","modified_gmt":"2025-09-19T18:30:43","slug":"c3-barandal-plus","status":"publish","type":"product","link":"https:\/\/vidriosobando.com\/en\/product\/c3-barandal-plus\/","title":{"rendered":"C3 Barandal Plus"},"content":{"rendered":"","protected":false},"excerpt":{"rendered":"<p>Los barandales son elementos que ampl\u00edan el espacio y que delimitan las zonas de tr\u00e1nsito a media altura, son muy usados hoy en d\u00eda por la variedad de materiales con los que se fabrican y por el alto aporte est\u00e9tico que brindan en cada lugar donde se utilizan.<br \/>\nEl sistema de barandal EXT C3 Plus es una pieza de aluminio aleaci\u00f3n 6063 lo que lo hace muy resistente a la corrosi\u00f3n.<\/p>\n<div class=\"fusion-fullwidth fullwidth-box fusion-builder-row-29 cnt_cedazosSpazzio hundred-percent-fullwidth non-hundred-percent-height-scrolling\">\n<div class=\"fusion-builder-row fusion-row\">\n<div class=\"fusion-layout-column fusion_builder_column fusion-builder-column-43 fusion_builder_column_1_1 1_1 fusion-one-full fusion-column-first fusion-column-last col_carousel fusion-animated\" data-animationtype=\"slideInUp\" data-animationduration=\"0.5\" data-animationoffset=\"100%\">\n<div class=\"fusion-column-wrapper fusion-flex-column-wrapper-legacy\">\n<div class=\"fusion-builder-row fusion-builder-row-inner fusion-row\">\n<div class=\"fusion-layout-column fusion_builder_column_inner fusion-builder-nested-column-28 fusion_builder_column_inner_1_1 1_1 fusion-one-full fusion-column-first fusion-column-last\">\n<div class=\"fusion-column-wrapper fusion-flex-column-wrapper-legacy\">\n<div class=\"fusion-text fusion-text-33\">\n<h2><b>Aplicaciones:<\/b><\/h2>\n<p>Este sistema\u00a0<span lang=\"ES\">se instala en los costados de losas dando un aspecto est\u00e9tico diferenciador y aprovechando m\u00e1s el espacio, brindando un aspecto minimalista apto para balcones, escaleras, etc.<\/span><\/p>\n<\/div>\n<\/div>\n<\/div>\n<\/div>\n<\/div>\n<\/div>\n<\/div>\n<\/div>\n<div class=\"fusion-fullwidth fullwidth-box fusion-builder-row-30 nonhundred-percent-fullwidth non-hundred-percent-height-scrolling\">\n<div class=\"fusion-builder-row fusion-row\">\n<div class=\"fusion-layout-column fusion_builder_column fusion-builder-column-45 fusion_builder_column_3_5 3_5 fusion-three-fifth fusion-column-first\">\n<div class=\"fusion-column-wrapper fusion-flex-column-wrapper-legacy\">\n<div class=\"fusion-text fusion-text-34\">\n<h2><strong>Caracter\u00edsticas:<\/strong><\/h2>\n<div class=\"page\" title=\"Page 2\">\n<div class=\"section\">\n<div class=\"layoutArea\">\n<div class=\"column\">\n<p><span lang=\"ES\">Compuesto por un accesorio fabricado\u00a0<\/span>Aluminio Aleaci\u00f3n: 6063 Calidad: T5.<\/p>\n<div>\n<p class=\"img\"><span lang=\"ES\">Tratamiento de la superficie: Anodizado.<\/span><\/p>\n<\/div>\n<div>\n<p class=\"img\"><span lang=\"ES\">F\u00e1cil y r\u00e1pida instalaci\u00f3n.<\/span><\/p>\n<p><strong>Utilizaci\u00f3n de vidrio de Seguridad:<\/strong><\/p>\n<ul>\n<li>Laminados de\u00a0<strong><span lang=\"ES\">6+6 mm y 8+8 mm .<\/span><\/strong><\/li>\n<\/ul>\n<p><strong>Restricciones:\u00a0<\/strong><\/p>\n<div><span lang=\"ES\">Dimensi\u00f3n m\u00e1xima:<\/span><\/div>\n<div>\n<div>\n<p class=\"img\"><span lang=\"ES\">\u00a0<strong>Ancho<\/strong>\u00a01200-1800 mm \u00a0y\u00a0<strong>Alto<\/strong>\u00a01100 mm.<\/span><\/p>\n<p><strong>*Para caracter\u00edsticas y especificaciones descargar la ficha t\u00e9cnica<\/strong><\/p>\n<p>&nbsp;<\/p>\n<\/div>\n<\/div>\n<\/div>\n<\/div>\n<\/div>\n<\/div>\n<\/div>\n<\/div>\n<\/div>\n<\/div>\n<\/div>\n<\/div>","protected":false},"featured_media":9304,"template":"","meta":[],"product_cat":[385,41],"product_tag":[],"class_list":{"0":"post-9302","1":"product","2":"type-product","3":"status-publish","4":"has-post-thumbnail","6":"product_cat-barandales","7":"product_cat-all","9":"first","10":"instock","11":"shipping-taxable","12":"purchasable","13":"product-type-simple"},"_links":{"self":[{"href":"https:\/\/vidriosobando.com\/en\/wp-json\/wp\/v2\/product\/9302","targetHints":{"allow":["GET"]}}],"collection":[{"href":"https:\/\/vidriosobando.com\/en\/wp-json\/wp\/v2\/product"}],"about":[{"href":"https:\/\/vidriosobando.com\/en\/wp-json\/wp\/v2\/types\/product"}],"wp:featuredmedia":[{"embeddable":true,"href":"https:\/\/vidriosobando.com\/en\/wp-json\/wp\/v2\/media\/9304"}],"wp:attachment":[{"href":"https:\/\/vidriosobando.com\/en\/wp-json\/wp\/v2\/media?parent=9302"}],"wp:term":[{"taxonomy":"product_cat","embeddable":true,"href":"https:\/\/vidriosobando.com\/en\/wp-json\/wp\/v2\/product_cat?post=9302"},{"taxonomy":"product_tag","embeddable":true,"href":"https:\/\/vidriosobando.com\/en\/wp-json\/wp\/v2\/product_tag?post=9302"}],"curies":[{"name":"wp","href":"https:\/\/api.w.org\/{rel}","templated":true}]}}