{"id":9321,"date":"2021-07-18T17:15:29","date_gmt":"2021-07-18T23:15:29","guid":{"rendered":"https:\/\/vidriosobando.com\/?post_type=product&#038;p=9321"},"modified":"2025-09-19T12:30:42","modified_gmt":"2025-09-19T18:30:42","slug":"tubo-al-barandal-plus","status":"publish","type":"product","link":"https:\/\/vidriosobando.com\/en\/product\/tubo-al-barandal-plus\/","title":{"rendered":"Tubo al Barandal Plus"},"content":{"rendered":"","protected":false},"excerpt":{"rendered":"<p>Es un sistema de tubo hecho de aluminio anodizado que brinda un dise\u00f1o art\u00edstico fino y est\u00e9tico, con alta resistencia a la corrosi\u00f3n.<\/p>\n<div class=\"fusion-fullwidth fullwidth-box fusion-builder-row-55 cnt_cedazosSpazzio hundred-percent-fullwidth non-hundred-percent-height-scrolling\">\n<div class=\"fusion-builder-row fusion-row\">\n<div class=\"fusion-layout-column fusion_builder_column fusion-builder-column-86 fusion_builder_column_1_1 1_1 fusion-one-full fusion-column-first fusion-column-last col_carousel fusion-animated\" data-animationtype=\"slideInUp\" data-animationduration=\"0.5\" data-animationoffset=\"100%\">\n<div class=\"fusion-column-wrapper fusion-flex-column-wrapper-legacy\">\n<div class=\"fusion-builder-row fusion-builder-row-inner fusion-row\">\n<div class=\"fusion-layout-column fusion_builder_column_inner fusion-builder-nested-column-53 fusion_builder_column_inner_1_1 1_1 fusion-one-full fusion-column-first fusion-column-last\">\n<div class=\"fusion-column-wrapper fusion-flex-column-wrapper-legacy\">\n<div class=\"fusion-text fusion-text-61\">\n<h2><b>Aplicaciones:<\/b><\/h2>\n<div>\n<p>Las diversas aplicaciones del sistema ofrecen soluciones \u00fanicas para construcciones modernas tales como:<\/p>\n<ul>\n<li>Barandillas de balcones, demostrando su particular resistencia a diferentes condiciones clim\u00e1ticas.<\/li>\n<li>Barandillas de escaleras internas, dando una sensaci\u00f3n de alta est\u00e9tica al interior de casas y edificios.<\/li>\n<li>Barandillas de escaleras exteriores, adecuadas para casas y edificios modernos.<\/li>\n<li>Barandas para escaleras en espacios p\u00fablicos, especialmente \u00fatiles en ciudades grandes, as\u00ed como en otros espacios, como hoteles y piscinas dom\u00e9sticas, etc. para balcones y escaleras.<\/li>\n<\/ul>\n<\/div>\n<\/div>\n<\/div>\n<\/div>\n<\/div>\n<\/div>\n<\/div>\n<\/div>\n<\/div>\n<div class=\"fusion-fullwidth fullwidth-box fusion-builder-row-56 nonhundred-percent-fullwidth non-hundred-percent-height-scrolling\">\n<div class=\"fusion-builder-row fusion-row\">\n<div class=\"fusion-layout-column fusion_builder_column fusion-builder-column-88 fusion_builder_column_3_5 3_5 fusion-three-fifth fusion-column-first\">\n<div class=\"fusion-column-wrapper fusion-flex-column-wrapper-legacy\">\n<div class=\"fusion-text fusion-text-62\">\n<h2><strong>Caracter\u00edsticas:<\/strong><\/h2>\n<div class=\"page\" title=\"Page 2\">\n<div class=\"section\">\n<div class=\"layoutArea\">\n<div class=\"column\">\n<ul>\n<li><span lang=\"ES\">Compuesto por un accesorio fabricado\u00a0<\/span>Aluminio Aleaci\u00f3n: 6063 Calidad: T5.<\/li>\n<li class=\"img\"><span lang=\"ES\">Tratamiento de la superficie: Anodizado.<\/span><\/li>\n<li class=\"img\"><span style=\"font-size: 1rem;\">F\u00e1cil y r\u00e1pida instalaci\u00f3n.<\/span><strong><br \/>\nRestricciones:\u00a0<\/strong><\/li>\n<li>\n<div>\n<p class=\"img\"><span lang=\"ES\">Longitud: 5,80 m.<\/span><\/p>\n<p><strong>*Para caracter\u00edsticas y especificaciones descargar la ficha t\u00e9cnica<\/strong><\/p>\n<p>&nbsp;<\/p>\n<\/div>\n<\/li>\n<\/ul>\n<\/div>\n<\/div>\n<\/div>\n<\/div>\n<\/div>\n<\/div>\n<\/div>\n<\/div>\n<\/div>","protected":false},"featured_media":9323,"template":"","meta":[],"product_brand":[],"product_cat":[385,41],"product_tag":[],"class_list":{"0":"post-9321","1":"product","2":"type-product","3":"status-publish","4":"has-post-thumbnail","6":"product_cat-barandales","7":"product_cat-all","9":"first","10":"instock","11":"shipping-taxable","12":"purchasable","13":"product-type-simple"},"_links":{"self":[{"href":"https:\/\/vidriosobando.com\/en\/wp-json\/wp\/v2\/product\/9321","targetHints":{"allow":["GET"]}}],"collection":[{"href":"https:\/\/vidriosobando.com\/en\/wp-json\/wp\/v2\/product"}],"about":[{"href":"https:\/\/vidriosobando.com\/en\/wp-json\/wp\/v2\/types\/product"}],"version-history":[{"count":0,"href":"https:\/\/vidriosobando.com\/en\/wp-json\/wp\/v2\/product\/9321\/revisions"}],"wp:featuredmedia":[{"embeddable":true,"href":"https:\/\/vidriosobando.com\/en\/wp-json\/wp\/v2\/media\/9323"}],"wp:attachment":[{"href":"https:\/\/vidriosobando.com\/en\/wp-json\/wp\/v2\/media?parent=9321"}],"wp:term":[{"taxonomy":"product_brand","embeddable":true,"href":"https:\/\/vidriosobando.com\/en\/wp-json\/wp\/v2\/product_brand?post=9321"},{"taxonomy":"product_cat","embeddable":true,"href":"https:\/\/vidriosobando.com\/en\/wp-json\/wp\/v2\/product_cat?post=9321"},{"taxonomy":"product_tag","embeddable":true,"href":"https:\/\/vidriosobando.com\/en\/wp-json\/wp\/v2\/product_tag?post=9321"}],"curies":[{"name":"wp","href":"https:\/\/api.w.org\/{rel}","templated":true}]}}