{"id":9341,"date":"2021-07-18T18:38:03","date_gmt":"2021-07-19T00:38:03","guid":{"rendered":"https:\/\/vidriosobando.com\/?post_type=product&#038;p=9341"},"modified":"2025-09-19T12:30:42","modified_gmt":"2025-09-19T18:30:42","slug":"serie-50","status":"publish","type":"product","link":"https:\/\/vidriosobando.com\/en\/product\/serie-50\/","title":{"rendered":"SERIE 50"},"content":{"rendered":"","protected":false},"excerpt":{"rendered":"<p>Las rejillas en aluminio se fabrican con la \u00fanica funci\u00f3n de dar ventilaci\u00f3n a un \u00e1rea.<\/p>\n<p>La ventilaci\u00f3n que proporciona no es regulable, debido a que las rejillas de aluminio quedan fijas dentro del marco y no permite la abertura.<\/p>\n<p><strong>*Para caracter\u00edsticas y especificaciones descargar la ficha t\u00e9cnica<\/strong><\/p>","protected":false},"featured_media":9343,"template":"","meta":[],"product_brand":[],"product_cat":[386,41],"product_tag":[],"class_list":{"0":"post-9341","1":"product","2":"type-product","3":"status-publish","4":"has-post-thumbnail","6":"product_cat-rejillas","7":"product_cat-all","9":"first","10":"instock","11":"shipping-taxable","12":"purchasable","13":"product-type-simple"},"_links":{"self":[{"href":"https:\/\/vidriosobando.com\/en\/wp-json\/wp\/v2\/product\/9341","targetHints":{"allow":["GET"]}}],"collection":[{"href":"https:\/\/vidriosobando.com\/en\/wp-json\/wp\/v2\/product"}],"about":[{"href":"https:\/\/vidriosobando.com\/en\/wp-json\/wp\/v2\/types\/product"}],"version-history":[{"count":0,"href":"https:\/\/vidriosobando.com\/en\/wp-json\/wp\/v2\/product\/9341\/revisions"}],"wp:featuredmedia":[{"embeddable":true,"href":"https:\/\/vidriosobando.com\/en\/wp-json\/wp\/v2\/media\/9343"}],"wp:attachment":[{"href":"https:\/\/vidriosobando.com\/en\/wp-json\/wp\/v2\/media?parent=9341"}],"wp:term":[{"taxonomy":"product_brand","embeddable":true,"href":"https:\/\/vidriosobando.com\/en\/wp-json\/wp\/v2\/product_brand?post=9341"},{"taxonomy":"product_cat","embeddable":true,"href":"https:\/\/vidriosobando.com\/en\/wp-json\/wp\/v2\/product_cat?post=9341"},{"taxonomy":"product_tag","embeddable":true,"href":"https:\/\/vidriosobando.com\/en\/wp-json\/wp\/v2\/product_tag?post=9341"}],"curies":[{"name":"wp","href":"https:\/\/api.w.org\/{rel}","templated":true}]}}