{"id":9350,"date":"2021-07-18T18:43:00","date_gmt":"2021-07-19T00:43:00","guid":{"rendered":"https:\/\/vidriosobando.com\/?post_type=product&#038;p=9350"},"modified":"2025-09-19T12:30:42","modified_gmt":"2025-09-19T18:30:42","slug":"serie-75","status":"publish","type":"product","link":"https:\/\/vidriosobando.com\/en\/product\/serie-75\/","title":{"rendered":"Serie 75"},"content":{"rendered":"","protected":false},"excerpt":{"rendered":"<p>El sistema prefabricado de rejilla Triangular Balance serie 75 posee una est\u00e9tica plana y dise\u00f1o geom\u00e9trico que reduce el ingreso de agua de lluvia al interior del inmueble, adem\u00e1s cuenta con desag\u00fces en los perfiles laterales que se complementan con un perfil inferior que drena el agua al exterior.<\/p>\n<p><strong>*Para caracter\u00edsticas y especificaciones descargar la ficha t\u00e9cnica<\/strong><\/p>","protected":false},"featured_media":9352,"template":"","meta":[],"product_brand":[],"product_cat":[41],"product_tag":[],"class_list":{"0":"post-9350","1":"product","2":"type-product","3":"status-publish","4":"has-post-thumbnail","6":"product_cat-all","8":"first","9":"instock","10":"shipping-taxable","11":"purchasable","12":"product-type-simple"},"_links":{"self":[{"href":"https:\/\/vidriosobando.com\/en\/wp-json\/wp\/v2\/product\/9350","targetHints":{"allow":["GET"]}}],"collection":[{"href":"https:\/\/vidriosobando.com\/en\/wp-json\/wp\/v2\/product"}],"about":[{"href":"https:\/\/vidriosobando.com\/en\/wp-json\/wp\/v2\/types\/product"}],"version-history":[{"count":0,"href":"https:\/\/vidriosobando.com\/en\/wp-json\/wp\/v2\/product\/9350\/revisions"}],"wp:featuredmedia":[{"embeddable":true,"href":"https:\/\/vidriosobando.com\/en\/wp-json\/wp\/v2\/media\/9352"}],"wp:attachment":[{"href":"https:\/\/vidriosobando.com\/en\/wp-json\/wp\/v2\/media?parent=9350"}],"wp:term":[{"taxonomy":"product_brand","embeddable":true,"href":"https:\/\/vidriosobando.com\/en\/wp-json\/wp\/v2\/product_brand?post=9350"},{"taxonomy":"product_cat","embeddable":true,"href":"https:\/\/vidriosobando.com\/en\/wp-json\/wp\/v2\/product_cat?post=9350"},{"taxonomy":"product_tag","embeddable":true,"href":"https:\/\/vidriosobando.com\/en\/wp-json\/wp\/v2\/product_tag?post=9350"}],"curies":[{"name":"wp","href":"https:\/\/api.w.org\/{rel}","templated":true}]}}