{"id":9354,"date":"2021-07-18T18:45:28","date_gmt":"2021-07-19T00:45:28","guid":{"rendered":"https:\/\/vidriosobando.com\/?post_type=product&#038;p=9354"},"modified":"2025-09-19T12:30:42","modified_gmt":"2025-09-19T18:30:42","slug":"serie-95","status":"publish","type":"product","link":"https:\/\/vidriosobando.com\/en\/product\/serie-95\/","title":{"rendered":"Serie 95"},"content":{"rendered":"","protected":false},"excerpt":{"rendered":"<p>Este est\u00e1 elaborado con aluminio AA6063 con forma rectangular y superficie lisa; cuenta con un dise\u00f1o uniforme y de f\u00e1cil montaje gracias a la uni\u00f3n de sus lamas. Es un sistema de f\u00e1cil instalaci\u00f3n que aporta a la edificaci\u00f3n valores ideales de ventilaci\u00f3n, al mismo tiempo que la enriquecen est\u00e9ticamente gracias a su dise\u00f1o.<\/p>\n<p><strong>*Para caracter\u00edsticas y especificaciones descargar la ficha t\u00e9cnica<\/strong><\/p>","protected":false},"featured_media":9356,"template":"","meta":[],"product_brand":[],"product_cat":[386,41],"product_tag":[],"class_list":{"0":"post-9354","1":"product","2":"type-product","3":"status-publish","4":"has-post-thumbnail","6":"product_cat-rejillas","7":"product_cat-all","9":"first","10":"instock","11":"shipping-taxable","12":"purchasable","13":"product-type-simple"},"_links":{"self":[{"href":"https:\/\/vidriosobando.com\/en\/wp-json\/wp\/v2\/product\/9354","targetHints":{"allow":["GET"]}}],"collection":[{"href":"https:\/\/vidriosobando.com\/en\/wp-json\/wp\/v2\/product"}],"about":[{"href":"https:\/\/vidriosobando.com\/en\/wp-json\/wp\/v2\/types\/product"}],"version-history":[{"count":0,"href":"https:\/\/vidriosobando.com\/en\/wp-json\/wp\/v2\/product\/9354\/revisions"}],"wp:featuredmedia":[{"embeddable":true,"href":"https:\/\/vidriosobando.com\/en\/wp-json\/wp\/v2\/media\/9356"}],"wp:attachment":[{"href":"https:\/\/vidriosobando.com\/en\/wp-json\/wp\/v2\/media?parent=9354"}],"wp:term":[{"taxonomy":"product_brand","embeddable":true,"href":"https:\/\/vidriosobando.com\/en\/wp-json\/wp\/v2\/product_brand?post=9354"},{"taxonomy":"product_cat","embeddable":true,"href":"https:\/\/vidriosobando.com\/en\/wp-json\/wp\/v2\/product_cat?post=9354"},{"taxonomy":"product_tag","embeddable":true,"href":"https:\/\/vidriosobando.com\/en\/wp-json\/wp\/v2\/product_tag?post=9354"}],"curies":[{"name":"wp","href":"https:\/\/api.w.org\/{rel}","templated":true}]}}