{"id":9370,"date":"2021-07-18T18:56:34","date_gmt":"2021-07-19T00:56:34","guid":{"rendered":"https:\/\/vidriosobando.com\/?post_type=product&#038;p=9370"},"modified":"2025-09-19T12:30:42","modified_gmt":"2025-09-19T18:30:42","slug":"serie-200","status":"publish","type":"product","link":"https:\/\/vidriosobando.com\/en\/product\/serie-200\/","title":{"rendered":"Serie 200"},"content":{"rendered":"","protected":false},"excerpt":{"rendered":"<p>El sistema de parasol Ovalado Balance Serie 200 es un elemento arquitect\u00f3nico que permite la personalizaci\u00f3n de fachadas mediante la utilizaci\u00f3n de lamas verticales u horizontales, lo cual nos brinda control sobre la luminosidad del edificio, su apariencia robusta de aluminio con aleaci\u00f3n AA6063, su forma el\u00edptica y fijaci\u00f3n puntual mediante prensas de \u00e1ngulo fijo y articulado hacen de este parasol una alternativa altamente est\u00e9tica para cada proyecto.<\/p>\n<p><strong>*Para caracter\u00edsticas y especificaciones descargar la ficha t\u00e9cnica<\/strong><\/p>","protected":false},"featured_media":9372,"template":"","meta":[],"product_brand":[],"product_cat":[387,41],"product_tag":[],"class_list":{"0":"post-9370","1":"product","2":"type-product","3":"status-publish","4":"has-post-thumbnail","6":"product_cat-parasoles","7":"product_cat-all","9":"first","10":"instock","11":"shipping-taxable","12":"purchasable","13":"product-type-simple"},"_links":{"self":[{"href":"https:\/\/vidriosobando.com\/en\/wp-json\/wp\/v2\/product\/9370","targetHints":{"allow":["GET"]}}],"collection":[{"href":"https:\/\/vidriosobando.com\/en\/wp-json\/wp\/v2\/product"}],"about":[{"href":"https:\/\/vidriosobando.com\/en\/wp-json\/wp\/v2\/types\/product"}],"version-history":[{"count":0,"href":"https:\/\/vidriosobando.com\/en\/wp-json\/wp\/v2\/product\/9370\/revisions"}],"wp:featuredmedia":[{"embeddable":true,"href":"https:\/\/vidriosobando.com\/en\/wp-json\/wp\/v2\/media\/9372"}],"wp:attachment":[{"href":"https:\/\/vidriosobando.com\/en\/wp-json\/wp\/v2\/media?parent=9370"}],"wp:term":[{"taxonomy":"product_brand","embeddable":true,"href":"https:\/\/vidriosobando.com\/en\/wp-json\/wp\/v2\/product_brand?post=9370"},{"taxonomy":"product_cat","embeddable":true,"href":"https:\/\/vidriosobando.com\/en\/wp-json\/wp\/v2\/product_cat?post=9370"},{"taxonomy":"product_tag","embeddable":true,"href":"https:\/\/vidriosobando.com\/en\/wp-json\/wp\/v2\/product_tag?post=9370"}],"curies":[{"name":"wp","href":"https:\/\/api.w.org\/{rel}","templated":true}]}}